{"id":236,"date":"2019-01-24T16:14:17","date_gmt":"2019-01-24T15:14:17","guid":{"rendered":"http:\/\/ateliercuisines.fr\/?page_id=236"},"modified":"2019-01-24T16:28:21","modified_gmt":"2019-01-24T15:28:21","slug":"conditions-generales-dutilisation-du-site","status":"publish","type":"page","link":"https:\/\/ateliercuisines.fr\/index.php\/conditions-generales-dutilisation-du-site\/","title":{"rendered":"Conditions G\u00e9n\u00e9rales d&rsquo;Utilisation du site"},"content":{"rendered":"<p>[et_pb_section bb_built=\u00a0\u00bb1&Prime;][et_pb_row][et_pb_column type=\u00a0\u00bb4_4&Prime;][et_pb_text admin_label=\u00a0\u00bbCGU\u00a0\u00bb _builder_version=\u00a0\u00bb3.19.8&Prime;]<\/p>\n<h4 style=\"text-align: center;\">Conditions g\u00e9n\u00e9rales d&rsquo;utilisation<\/h4>\n<p style=\"text-align: center;\"><em>En vigueur au 24\/01\/2019<\/em><\/p>\n<p>\u00a0<\/p>\n<p>Les pr\u00e9sentes conditions g\u00e9n\u00e9rales d&rsquo;utilisation (dites \u00ab CGU \u00bb) ont pour objet l&rsquo;encadrement juridique des modalit\u00e9s de mise \u00e0 disposition du site et des services par et de d\u00e9finir les conditions d\u2019acc\u00e8s et d\u2019utilisation des services par \u00ab l&rsquo;Utilisateur \u00bb.<\/p>\n<p>Les pr\u00e9sentes CGU sont accessibles sur le site \u00e0 la rubrique \u00abCGU\u00bb.<\/p>\n<h4>Article 1 : Les mentions l\u00e9gales<\/h4>\n<p>L\u2019\u00e9dition et la direction de la publication du site www.ateliercuisines.fr est assur\u00e9e par Monsieur DEVERE JEREMIE, domicili\u00e9 24 rue Alsace Lorraine.<\/p>\n<p>Num\u00e9ro de t\u00e9l\u00e9phone est 02.43.07.98.53<\/p>\n<p>Adresse e-mail contact@ateliercuisines.fr.<\/p>\n<p>L&rsquo;h\u00e9bergeur du site www.ateliercuisines.fr est la Soci\u00e9t\u00e9 SAS OVH au capital de 10 174 560 \u20ac dont le si\u00e8ge Social est situ\u00e9 au 2 rue Kellemann, 59100 Roubaix (France).<\/p>\n<p>\u00a0<\/p>\n<h4>ARTICLE 2\u00a0: Acc\u00e8s au site<\/h4>\n<p>Le site <em>www.ateliercuisines.fr<\/em> permet \u00e0 l&rsquo;Utilisateur un acc\u00e8s gratuit aux services suivants :<\/p>\n<p>&#8211; La pr\u00e9sentation d&rsquo;Atelier Cuisines<br \/>&#8211; Une page d\u00e9di\u00e9e \u00e0 la pr\u00e9sentation des cuisines<br \/>&#8211; Une page d\u00e9di\u00e9e \u00e0 la pr\u00e9sentation des salles de bain<br \/>&#8211; Une page d\u00e9di\u00e9e \u00e0 la pr\u00e9sentation des dressings et rangements<br \/>&#8211; Un lien vers la page Facebook Atelier Cuisines<br \/>&#8211; Un lien vers les Ateliers Culinaires avec la possibilit\u00e9 de r\u00e9server son cours de cuisine<br \/>&#8211; Un lien vers les r\u00e9alisations effectu\u00e9es par la soci\u00e9t\u00e9<\/p>\n<p>Le site est accessible gratuitement en tout lieu \u00e0 tout utilisateur ayant un acc\u00e8s \u00e0 Internet. Tous les frais support\u00e9s par l&rsquo;utilisateur pour acc\u00e9der au service (mat\u00e9riel informatique, logiciels, connexion Internet, etc&#8230;) sont \u00e0 sa charge. Le site met en \u0153uvre tous les moyens mis \u00e0 sa disposition pour assurer un acc\u00e8s de qualit\u00e9 \u00e0 ses services. L&rsquo;obligation \u00e9tant de moyens, le site ne s&rsquo;engage pas \u00e0 atteindre ce r\u00e9sultat. Tout \u00e9v\u00e9nement d\u00fb \u00e0 un cas de force majeure ayant pour cons\u00e9quence un dysfonctionnement du r\u00e9seau ou du serveur n&rsquo;engage pas la responsabilit\u00e9 de www.ateliercuisines.fr.L&rsquo;acc\u00e8s aux services du site peut \u00e0 tout moment faire l&rsquo;objet d&rsquo;une interruption, d&rsquo;une suspension, d&rsquo;une modification sans pr\u00e9avis pour une maintenance ou pour tout autre cas. L&rsquo;utilisateur s&rsquo;oblige \u00e0 ne r\u00e9clamer aucune indemnisation suite \u00e0 l&rsquo;interruption , \u00e0 la suspension ou \u00e0 la modification du pr\u00e9sent contrat. L&rsquo;utilisateur \u00e0 la possibilit\u00e9 de contacter le site par messagerie \u00e9lectronique \u00e0 l&rsquo;adresse contact@ateliercuisines.fr<\/p>\n<h4>ARTICLE 3 : Collecte des donn\u00e9es<\/h4>\n<p>Le site est exempt\u00e9 de d\u00e9claration \u00e0 la Commission Nationale Informatique et Libert\u00e9s (CNIL) dans la mesure o\u00f9 il ne collecte aucune donn\u00e9e concernant les Utilisateurs.<\/p>\n<h4>ARTICLE 4\u00a0: Propri\u00e9t\u00e9 intellectuelle<\/h4>\n<p>Les marques, logos, signes ainsi que tous les contenus du site (textes, images, son\u2026) font l&rsquo;objet d&rsquo;une protection par le Code de la propri\u00e9t\u00e9 intellectuelle et plus particuli\u00e8rement par le droit d&rsquo;auteur.<\/p>\n<p>L&rsquo;Utilisateur doit solliciter l&rsquo;autorisation pr\u00e9alable du site pour toute reproduction, publication, copie des diff\u00e9rents contenus. Il s&rsquo;engage \u00e0 une utilisation des contenus du site dans un cadre strictement priv\u00e9, toute utilisation \u00e0 des fins commerciales et publicitaires est strictement interdite.<\/p>\n<p>Toute repr\u00e9sentation totale ou partielle de ce site par quelque proc\u00e9d\u00e9 que ce soit, sans l\u2019autorisation expresse de l\u2019exploitant du site Internet constituerait une contrefa\u00e7on sanctionn\u00e9e par l\u2019article L 335-2 et suivants du Code de la propri\u00e9t\u00e9 intellectuelle.<\/p>\n<p>Il est rappel\u00e9 conform\u00e9ment \u00e0 l\u2019article L122-5 du Code de propri\u00e9t\u00e9 intellectuelle que l\u2019Utilisateur qui reproduit, copie ou publie le contenu prot\u00e9g\u00e9 doit citer l\u2019auteur et sa source.<\/p>\n<p>\u00a0<\/p>\n<h4>ARTICLE 5\u00a0: Responsabilit\u00e9<\/h4>\n<p>Les sources des informations diffus\u00e9es sur le site www.ateliercuisines.fr sont r\u00e9put\u00e9es fiables mais le site ne garantit pas qu\u2019il soit exempt de d\u00e9fauts, d\u2019erreurs ou d\u2019omissions.<\/p>\n<p>Les informations communiqu\u00e9es sont pr\u00e9sent\u00e9es \u00e0 titre indicatif et g\u00e9n\u00e9ral sans valeur contractuelle. Malgr\u00e9 des mises \u00e0 jour r\u00e9guli\u00e8res, le site <em>www.ateliercuisines.fr\u00a0<\/em>ne peut \u00eatre tenu responsable de la modification des dispositions administratives et juridiques survenant apr\u00e8s la publication. De m\u00eame, le site ne peut \u00eatre tenue responsable de l\u2019utilisation et de l\u2019interpr\u00e9tation de l\u2019information contenue dans ce site.<\/p>\n<p>Le site <em>www.ateliercuisines.fr\u00a0<\/em>ne peut \u00eatre tenu pour responsable d\u2019\u00e9ventuels virus qui pourraient infecter l\u2019ordinateur ou tout mat\u00e9riel informatique de l\u2019Internaute, suite \u00e0 une utilisation, \u00e0 l\u2019acc\u00e8s, ou au t\u00e9l\u00e9chargement provenant de ce site.<\/p>\n<p>La responsabilit\u00e9 du site ne peut \u00eatre engag\u00e9e en cas de force majeure ou du fait impr\u00e9visible et insurmontable d&rsquo;un tiers.<\/p>\n<h4>ARTICLE 6\u00a0: Liens hypertextes<\/h4>\n<p>Des liens hypertextes peuvent \u00eatre pr\u00e9sents sur le site. L\u2019Utilisateur est inform\u00e9 qu\u2019en cliquant sur ces liens, il sortira du site <em>www.ateliercuisines.fr.<\/em> Ce dernier n\u2019a pas de contr\u00f4le sur les pages web sur lesquelles aboutissent ces liens et ne saurait, en aucun cas, \u00eatre responsable de leur contenu.<\/p>\n<h4>ARTICLE 7 : Cookies<\/h4>\n<p>L\u2019Utilisateur est inform\u00e9 que lors de ses visites sur le site, un cookie peut s\u2019installer automatiquement sur son logiciel de navigation.<\/p>\n<p>Les cookies sont de petits fichiers stock\u00e9s temporairement sur le disque dur de l\u2019ordinateur de l\u2019Utilisateur par votre navigateur et qui sont n\u00e9cessaires \u00e0 l\u2019utilisation du site <em>www.ateliercuisines.fr<\/em>. Les cookies ne contiennent pas d\u2019information personnelle et ne peuvent pas \u00eatre utilis\u00e9s pour identifier quelqu\u2019un. Un cookie contient un identifiant unique, g\u00e9n\u00e9r\u00e9 al\u00e9atoirement et donc anonyme. Certains cookies expirent \u00e0 la fin de la visite de l\u2019Utilisateur, d\u2019autres restent.<\/p>\n<p>L\u2019information contenue dans les cookies est utilis\u00e9e pour am\u00e9liorer le site <em>www.ateliercuisines.fr<\/em>.<\/p>\n<p>En naviguant sur le site, L\u2019Utilisateur les accepte.<\/p>\n<p>L\u2019Utilisateur pourra d\u00e9sactiver ces cookies par l\u2019interm\u00e9diaire des param\u00e8tres figurant au sein de son logiciel de navigation.<\/p>\n<h4>ARTICLE 8\u00a0: Droit applicable et juridiction comp\u00e9tente<\/h4>\n<p>La l\u00e9gislation fran\u00e7aise s&rsquo;applique au pr\u00e9sent contrat. En cas d&rsquo;absence de r\u00e9solution amiable d&rsquo;un litige n\u00e9 entre les parties, les tribunaux fran\u00e7ais seront seuls comp\u00e9tents pour en conna\u00eetre.<\/p>\n<p>Pour toute question relative \u00e0 l\u2019application des pr\u00e9sentes CGU, vous pouvez joindre l\u2019\u00e9diteur aux coordonn\u00e9es inscrites \u00e0 l\u2019ARTICLE 1.<\/p>\n<p>R\u00e9alis\u00e9 sur https:\/\/www.legalplace.fr<\/p>\n<p>\u00a0<\/p>\n<p>[\/et_pb_text][\/et_pb_column][\/et_pb_row][\/et_pb_section]<\/p>\n","protected":false},"excerpt":{"rendered":"<p>[et_pb_section bb_built=\u00a0\u00bb1&Prime;][et_pb_row][et_pb_column type=\u00a0\u00bb4_4&Prime;][et_pb_text admin_label=\u00a0\u00bbCGU\u00a0\u00bb _builder_version=\u00a0\u00bb3.19.8&Prime;] Conditions g\u00e9n\u00e9rales d&rsquo;utilisation En vigueur au 24\/01\/2019 \u00a0 Les pr\u00e9sentes conditions g\u00e9n\u00e9rales d&rsquo;utilisation (dites \u00ab CGU \u00bb) ont pour objet l&rsquo;encadrement juridique des modalit\u00e9s de mise \u00e0 disposition du site et des services par et de d\u00e9finir les conditions d\u2019acc\u00e8s et d\u2019utilisation des services par \u00ab l&rsquo;Utilisateur \u00bb. Les pr\u00e9sentes [&hellip;]<\/p>\n","protected":false},"author":1,"featured_media":0,"parent":0,"menu_order":0,"comment_status":"closed","ping_status":"closed","template":"","meta":{"_et_pb_use_builder":"on","_et_pb_old_content":""},"_links":{"self":[{"href":"https:\/\/ateliercuisines.fr\/index.php\/wp-json\/wp\/v2\/pages\/236"}],"collection":[{"href":"https:\/\/ateliercuisines.fr\/index.php\/wp-json\/wp\/v2\/pages"}],"about":[{"href":"https:\/\/ateliercuisines.fr\/index.php\/wp-json\/wp\/v2\/types\/page"}],"author":[{"embeddable":true,"href":"https:\/\/ateliercuisines.fr\/index.php\/wp-json\/wp\/v2\/users\/1"}],"replies":[{"embeddable":true,"href":"https:\/\/ateliercuisines.fr\/index.php\/wp-json\/wp\/v2\/comments?post=236"}],"version-history":[{"count":5,"href":"https:\/\/ateliercuisines.fr\/index.php\/wp-json\/wp\/v2\/pages\/236\/revisions"}],"predecessor-version":[{"id":243,"href":"https:\/\/ateliercuisines.fr\/index.php\/wp-json\/wp\/v2\/pages\/236\/revisions\/243"}],"wp:attachment":[{"href":"https:\/\/ateliercuisines.fr\/index.php\/wp-json\/wp\/v2\/media?parent=236"}],"curies":[{"name":"wp","href":"https:\/\/api.w.org\/{rel}","templated":true}]}}