{"id":29,"date":"2019-01-23T11:42:56","date_gmt":"2019-01-23T10:42:56","guid":{"rendered":"http:\/\/ateliercuisines.fr\/?page_id=29"},"modified":"2023-11-17T20:16:07","modified_gmt":"2023-11-17T19:16:07","slug":"accueil","status":"publish","type":"page","link":"https:\/\/ateliercuisines.fr\/","title":{"rendered":"ACCUEIL"},"content":{"rendered":"<p>[et_pb_section fb_built=\u00a0\u00bb1&Prime; _builder_version=\u00a0\u00bb3.19.8&Prime; background_image=\u00a0\u00bbhttp:\/\/ateliercuisines.fr\/wp-content\/uploads\/2023\/11\/20210429_152333-3-scaled-e1700234353932.jpeg\u00a0\u00bb parallax=\u00a0\u00bbon\u00a0\u00bb custom_padding=\u00a0\u00bb595px|0px|121px|0px|false|false\u00a0\u00bb custom_css_before=\u00a0\u00bb%91slideshowck id=656%93&Prime;][\/et_pb_section][et_pb_section fb_built=\u00a0\u00bb1&Prime; _builder_version=\u00a0\u00bb3.19.8&Prime; custom_padding=\u00a0\u00bb27px|0px|50px|0px|false|false\u00a0\u00bb][et_pb_row custom_padding=\u00a0\u00bb54px|0px|54px|0|false|false\u00a0\u00bb _builder_version=\u00a0\u00bb3.19.8&Prime; background_size=\u00a0\u00bbinitial\u00a0\u00bb background_position=\u00a0\u00bbtop_left\u00a0\u00bb background_repeat=\u00a0\u00bbrepeat\u00a0\u00bb][et_pb_column type=\u00a0\u00bb1_3&Prime; _builder_version=\u00a0\u00bb3.0.47&Prime; parallax=\u00a0\u00bboff\u00a0\u00bb parallax_method=\u00a0\u00bbon\u00a0\u00bb][et_pb_text admin_label=\u00a0\u00bbCUISINE\u00a0\u00bb _builder_version=\u00a0\u00bb3.19.8&Prime; text_font=\u00a0\u00bbABeeZee||||||||\u00a0\u00bb text_text_color=\u00a0\u00bb#f7be44&Prime; text_font_size=\u00a0\u00bb22px\u00a0\u00bb text_line_height=\u00a0\u00bb1.2em\u00a0\u00bb text_orientation=\u00a0\u00bbcenter\u00a0\u00bb link_option_url=\u00a0\u00bbhttp:\/\/ateliercuisines.fr\/index.php\/cuisines\/\u00a0\u00bb]<\/p>\n<p><strong>CUISINE<\/strong><\/p>\n<p>[\/et_pb_text][et_pb_image src=\u00a0\u00bbhttp:\/\/ateliercuisines.fr\/wp-content\/uploads\/2023\/11\/319941375_869681807707210_5171461822209541559_n-e1700243908877.jpeg\u00a0\u00bb _builder_version=\u00a0\u00bb3.19.8&Prime;][\/et_pb_image][et_pb_text admin_label=\u00a0\u00bbconception cuisine\u00a0\u00bb _builder_version=\u00a0\u00bb3.19.8&Prime; text_font=\u00a0\u00bb||||||||\u00a0\u00bb custom_margin=\u00a0\u00bb||0px\u00a0\u00bb]<\/p>\n<p style=\"text-align: justify;\">Conception d&rsquo;une cuisine personnalis\u00e9e sur mesure<\/p>\n<p style=\"text-align: center;\">[\/et_pb_text][\/et_pb_column][et_pb_column type=\u00a0\u00bb1_3&Prime; _builder_version=\u00a0\u00bb3.0.47&Prime; parallax=\u00a0\u00bboff\u00a0\u00bb parallax_method=\u00a0\u00bbon\u00a0\u00bb][et_pb_text admin_label=\u00a0\u00bbSALLE DE BAIN\u00a0\u00bb _builder_version=\u00a0\u00bb3.19.8&Prime; text_font=\u00a0\u00bbABeeZee||||||||\u00a0\u00bb text_text_color=\u00a0\u00bb#f7be44&Prime; text_font_size=\u00a0\u00bb21px\u00a0\u00bb text_line_height=\u00a0\u00bb1.2em\u00a0\u00bb text_orientation=\u00a0\u00bbcenter\u00a0\u00bb link_option_url=\u00a0\u00bbhttp:\/\/ateliercuisines.fr\/index.php\/salles-de-bain\/\u00a0\u00bb]<\/p>\n<p><strong>SALLE DE BAIN<\/strong><\/p>\n<p>[\/et_pb_text][et_pb_image src=\u00a0\u00bbhttp:\/\/ateliercuisines.fr\/wp-content\/uploads\/2023\/11\/319840845_703528887785264_1493796414074587778_n-e1700243574705.jpeg\u00a0\u00bb _builder_version=\u00a0\u00bb3.19.8&Prime;][\/et_pb_image][et_pb_text admin_label=\u00a0\u00bbconception d&rsquo;un espace d\u00e9tente\u00a0\u00bb _builder_version=\u00a0\u00bb3.19.8&Prime; text_orientation=\u00a0\u00bbcenter\u00a0\u00bb]<\/p>\n<p style=\"text-align: justify;\">Conception d&rsquo;un espace d\u00e9tente aussi bien dans un style Contemporain &amp; Design que Vintage &amp; Classique<\/p>\n<p>[\/et_pb_text][\/et_pb_column][et_pb_column type=\u00a0\u00bb1_3&Prime; _builder_version=\u00a0\u00bb3.0.47&Prime; parallax=\u00a0\u00bboff\u00a0\u00bb parallax_method=\u00a0\u00bbon\u00a0\u00bb][et_pb_text admin_label=\u00a0\u00bbDRESSING &#038; RANGEMENT\u00a0\u00bb _builder_version=\u00a0\u00bb3.19.8&Prime; text_font=\u00a0\u00bbABeeZee||||||||\u00a0\u00bb text_text_color=\u00a0\u00bb#f7be44&Prime; text_font_size=\u00a0\u00bb22px\u00a0\u00bb text_line_height=\u00a0\u00bb1.2em\u00a0\u00bb text_orientation=\u00a0\u00bbcenter\u00a0\u00bb link_option_url=\u00a0\u00bbhttp:\/\/ateliercuisines.fr\/index.php\/dressings\/\u00a0\u00bb]<\/p>\n<p><strong>DRESSING &amp; RANGEMENT<\/strong><\/p>\n<p>[\/et_pb_text][et_pb_image src=\u00a0\u00bbhttp:\/\/ateliercuisines.fr\/wp-content\/uploads\/2023\/11\/IMG_4342-rotated-e1700248487678.jpg\u00a0\u00bb _builder_version=\u00a0\u00bb3.19.8&Prime;][\/et_pb_image][et_pb_text admin_label=\u00a0\u00bbrangement\u00a0\u00bb _builder_version=\u00a0\u00bb3.19.8&Prime;]<\/p>\n<p style=\"text-align: justify;\">Conception sur mesure d&rsquo;espaces d\u00e9di\u00e9s au rangement !<\/p>\n<p>[\/et_pb_text][\/et_pb_column][\/et_pb_row][\/et_pb_section][et_pb_section fb_built=\u00a0\u00bb1&Prime; _builder_version=\u00a0\u00bb3.19.8&Prime; background_color=\u00a0\u00bb#475261&Prime; custom_padding=\u00a0\u00bb0|0px|0|0px|false|false\u00a0\u00bb][et_pb_row custom_padding=\u00a0\u00bb54px|0|54px|0px|false|false\u00a0\u00bb _builder_version=\u00a0\u00bb3.19.8&Prime; background_size=\u00a0\u00bbinitial\u00a0\u00bb background_position=\u00a0\u00bbtop_left\u00a0\u00bb background_repeat=\u00a0\u00bbrepeat\u00a0\u00bb][et_pb_column type=\u00a0\u00bb1_2&Prime; _builder_version=\u00a0\u00bb3.0.47&Prime; parallax=\u00a0\u00bboff\u00a0\u00bb parallax_method=\u00a0\u00bbon\u00a0\u00bb][et_pb_text admin_label=\u00a0\u00bbCONTACT\u00a0\u00bb _builder_version=\u00a0\u00bb3.19.8&Prime; text_font=\u00a0\u00bbABeeZee||||||||\u00a0\u00bb text_text_color=\u00a0\u00bb#f7be44&Prime; text_font_size=\u00a0\u00bb22px\u00a0\u00bb]<\/p>\n<p><strong>CONTACT<\/strong><\/p>\n<p>[\/et_pb_text][et_pb_text admin_label=\u00a0\u00bbADRESSE\u00a0\u00bb _builder_version=\u00a0\u00bb3.19.8&Prime; text_text_color=\u00a0\u00bb#ffffff\u00a0\u00bb]<\/p>\n<p><strong>ATELIER CUISINES<\/strong><\/p>\n<p>24 rue Alsace Lorraine<br \/>53200 Ch\u00e2teau-Gontier<\/p>\n<p>02.43.07.98.53<br \/>06.73.73.06.92<\/p>\n<p>&nbsp;<\/p>\n<p>[\/et_pb_text][et_pb_text admin_label=\u00a0\u00bbRETROUVEZ-NOUS\u00a0\u00bb _builder_version=\u00a0\u00bb3.19.8&Prime; text_font=\u00a0\u00bbABeeZee||||||||\u00a0\u00bb text_text_color=\u00a0\u00bb#f7be44&Prime; text_font_size=\u00a0\u00bb22px\u00a0\u00bb]<\/p>\n<p><strong>SUIVEZ-NOUS SUR :<\/strong><\/p>\n<p>[\/et_pb_text][et_pb_code _builder_version=\u00a0\u00bb3.19.8&Prime;][\/et_pb_code][et_pb_social_media_follow _builder_version=\u00a0\u00bb3.19.8&Prime;][et_pb_social_media_follow_network social_network=\u00a0\u00bbfacebook\u00a0\u00bb url=\u00a0\u00bbhttps:\/\/www.facebook.com\/ateliercuisines.fr\/\u00a0\u00bb _builder_version=\u00a0\u00bb3.19.8&Prime; background_color=\u00a0\u00bb#3b5998&Prime; follow_button=\u00a0\u00bboff\u00a0\u00bb url_new_window=\u00a0\u00bbon\u00a0\u00bb]Facebook[\/et_pb_social_media_follow_network][et_pb_social_media_follow_network social_network=\u00a0\u00bbinstagram\u00a0\u00bb url=\u00a0\u00bbhttp:\/\/ateliercuisines\u00a0\u00bb _builder_version=\u00a0\u00bb3.19.8&Prime; background_color=\u00a0\u00bb#ea2c59&Prime; follow_button=\u00a0\u00bboff\u00a0\u00bb url_new_window=\u00a0\u00bbon\u00a0\u00bb]instagram[\/et_pb_social_media_follow_network][\/et_pb_social_media_follow][\/et_pb_column][et_pb_column type=\u00a0\u00bb1_2&Prime; _builder_version=\u00a0\u00bb3.0.47&Prime; parallax=\u00a0\u00bboff\u00a0\u00bb parallax_method=\u00a0\u00bbon\u00a0\u00bb][et_pb_text admin_label=\u00a0\u00bbCONTACTEZ-NOUS\u00a0\u00bb _builder_version=\u00a0\u00bb3.19.8&Prime; text_font=\u00a0\u00bbABeeZee||||||||\u00a0\u00bb text_text_color=\u00a0\u00bb#f7be44&Prime; text_font_size=\u00a0\u00bb22px\u00a0\u00bb]<\/p>\n<p><strong>CONTACTEZ-NOUS<\/strong><\/p>\n<p>[\/et_pb_text][et_pb_text admin_label=\u00a0\u00bbFORMULAIRE DE CONTACT\u00a0\u00bb _builder_version=\u00a0\u00bb3.19.8&Prime; text_text_color=\u00a0\u00bb#ffffff\u00a0\u00bb]<\/p>\n<div role=\"form\" class=\"wpcf7\" id=\"wpcf7-f228-o1\" lang=\"fr-FR\" dir=\"ltr\">\n<div class=\"screen-reader-response\"><\/div>\n<form action=\"\/index.php\/wp-json\/wp\/v2\/pages\/29#wpcf7-f228-o1\" method=\"post\" class=\"wpcf7-form\" novalidate=\"novalidate\">\n<div style=\"display: none;\">\n<input type=\"hidden\" name=\"_wpcf7\" value=\"228\" \/>\n<input type=\"hidden\" name=\"_wpcf7_version\" value=\"5.1.4\" \/>\n<input type=\"hidden\" name=\"_wpcf7_locale\" value=\"fr_FR\" \/>\n<input type=\"hidden\" name=\"_wpcf7_unit_tag\" value=\"wpcf7-f228-o1\" \/>\n<input type=\"hidden\" name=\"_wpcf7_container_post\" value=\"0\" \/>\n<\/div>\n<p><label> Votre nom (obligatoire)<br \/>\n    <span class=\"wpcf7-form-control-wrap your-name\"><input type=\"text\" name=\"your-name\" value=\"\" size=\"40\" class=\"wpcf7-form-control wpcf7-text wpcf7-validates-as-required\" aria-required=\"true\" aria-invalid=\"false\" \/><\/span> <\/label><\/p>\n<p><label> Votre pr\u00e9nom (obligatoire)<br \/>\n    <span class=\"wpcf7-form-control-wrap your-firstname\"><input type=\"text\" name=\"your-firstname\" value=\"\" size=\"40\" class=\"wpcf7-form-control wpcf7-text wpcf7-validates-as-required\" aria-required=\"true\" aria-invalid=\"false\" \/><\/span> <\/label><\/p>\n<p><label> T\u00e9l\u00e9phone (obligatoire)<br \/>\n    <span class=\"wpcf7-form-control-wrap tel\"><input type=\"tel\" name=\"tel\" value=\"\" size=\"40\" class=\"wpcf7-form-control wpcf7-text wpcf7-tel wpcf7-validates-as-required wpcf7-validates-as-tel\" aria-required=\"true\" aria-invalid=\"false\" \/><\/span> <\/label><\/p>\n<p><label> Votre e-mail<br \/>\n    <span class=\"wpcf7-form-control-wrap your-email\"><input type=\"email\" name=\"your-email\" value=\"\" size=\"40\" class=\"wpcf7-form-control wpcf7-text wpcf7-email wpcf7-validates-as-required wpcf7-validates-as-email\" aria-required=\"true\" aria-invalid=\"false\" \/><\/span> <\/label><\/p>\n<p><label> Votre message<br \/>\n    <span class=\"wpcf7-form-control-wrap your-message\"><textarea name=\"your-message\" cols=\"40\" rows=\"10\" class=\"wpcf7-form-control wpcf7-textarea\" aria-invalid=\"false\"><\/textarea><\/span> <\/label><\/p>\n<p><span class=\"wpcf7-form-control-wrap acceptance-327\"><span class=\"wpcf7-form-control wpcf7-acceptance\"><span class=\"wpcf7-list-item\"><label><input type=\"checkbox\" name=\"acceptance-327\" value=\"1\" aria-invalid=\"false\" \/><span class=\"wpcf7-list-item-label\">En cochant cette case, vous acceptez que les informations recueillies \u00e0 partir de ce formulaire soient enregistr\u00e9es et transmises au service charg\u00e9 du traitement de votre message. Vous disposez d'un droit d'acc\u00e8s, de rectification et d'opposition aux donn\u00e9es vous concernant, que vous pouvez exercer en nous contactant via le formulaire de contact.<\/span><\/label><\/span><\/span><\/span><\/p>\n<p><input type=\"submit\" value=\"Envoyer\" class=\"wpcf7-form-control wpcf7-submit\" \/><\/p>\n<p style=\"display: none !important;\"><label>&#916;<textarea name=\"_wpcf7_ak_hp_textarea\" cols=\"45\" rows=\"8\" maxlength=\"100\"><\/textarea><\/label><input type=\"hidden\" id=\"ak_js_1\" name=\"_wpcf7_ak_js\" value=\"215\"\/><script>document.getElementById( \"ak_js_1\" ).setAttribute( \"value\", ( new Date() ).getTime() );<\/script><\/p><div class=\"wpcf7-response-output wpcf7-display-none\"><\/div><\/form><\/div>\n<p>[\/et_pb_text][\/et_pb_column][\/et_pb_row][\/et_pb_section]<\/p>\n","protected":false},"excerpt":{"rendered":"<p>[et_pb_section fb_built=\u00a0\u00bb1&Prime; _builder_version=\u00a0\u00bb3.19.8&Prime; background_image=\u00a0\u00bbhttp:\/\/ateliercuisines.fr\/wp-content\/uploads\/2023\/11\/20210429_152333-3-scaled-e1700234353932.jpeg\u00a0\u00bb parallax=\u00a0\u00bbon\u00a0\u00bb custom_padding=\u00a0\u00bb595px|0px|121px|0px|false|false\u00a0\u00bb custom_css_before=\u00a0\u00bb%91slideshowck id=656%93&Prime;][\/et_pb_section][et_pb_section fb_built=\u00a0\u00bb1&Prime; _builder_version=\u00a0\u00bb3.19.8&Prime; custom_padding=\u00a0\u00bb27px|0px|50px|0px|false|false\u00a0\u00bb][et_pb_row custom_padding=\u00a0\u00bb54px|0px|54px|0|false|false\u00a0\u00bb _builder_version=\u00a0\u00bb3.19.8&Prime; background_size=\u00a0\u00bbinitial\u00a0\u00bb background_position=\u00a0\u00bbtop_left\u00a0\u00bb background_repeat=\u00a0\u00bbrepeat\u00a0\u00bb][et_pb_column type=\u00a0\u00bb1_3&Prime; _builder_version=\u00a0\u00bb3.0.47&Prime; parallax=\u00a0\u00bboff\u00a0\u00bb parallax_method=\u00a0\u00bbon\u00a0\u00bb][et_pb_text admin_label=\u00a0\u00bbCUISINE\u00a0\u00bb _builder_version=\u00a0\u00bb3.19.8&Prime; text_font=\u00a0\u00bbABeeZee||||||||\u00a0\u00bb text_text_color=\u00a0\u00bb#f7be44&Prime; text_font_size=\u00a0\u00bb22px\u00a0\u00bb text_line_height=\u00a0\u00bb1.2em\u00a0\u00bb text_orientation=\u00a0\u00bbcenter\u00a0\u00bb link_option_url=\u00a0\u00bbhttp:\/\/ateliercuisines.fr\/index.php\/cuisines\/\u00a0\u00bb] CUISINE [\/et_pb_text][et_pb_image src=\u00a0\u00bbhttp:\/\/ateliercuisines.fr\/wp-content\/uploads\/2023\/11\/319941375_869681807707210_5171461822209541559_n-e1700243908877.jpeg\u00a0\u00bb _builder_version=\u00a0\u00bb3.19.8&Prime;][\/et_pb_image][et_pb_text admin_label=\u00a0\u00bbconception cuisine\u00a0\u00bb _builder_version=\u00a0\u00bb3.19.8&Prime; text_font=\u00a0\u00bb||||||||\u00a0\u00bb custom_margin=\u00a0\u00bb||0px\u00a0\u00bb] Conception d&rsquo;une cuisine personnalis\u00e9e sur mesure [\/et_pb_text][\/et_pb_column][et_pb_column type=\u00a0\u00bb1_3&Prime; _builder_version=\u00a0\u00bb3.0.47&Prime; parallax=\u00a0\u00bboff\u00a0\u00bb parallax_method=\u00a0\u00bbon\u00a0\u00bb][et_pb_text admin_label=\u00a0\u00bbSALLE DE BAIN\u00a0\u00bb _builder_version=\u00a0\u00bb3.19.8&Prime; text_font=\u00a0\u00bbABeeZee||||||||\u00a0\u00bb text_text_color=\u00a0\u00bb#f7be44&Prime; text_font_size=\u00a0\u00bb21px\u00a0\u00bb [&hellip;]<\/p>\n","protected":false},"author":1,"featured_media":0,"parent":0,"menu_order":0,"comment_status":"closed","ping_status":"closed","template":"","meta":{"_et_pb_use_builder":"on","_et_pb_old_content":"<p>Atelier Cuisines poss\u00e8de toutes les comp\u00e9tences pour \u00e9tudier et r\u00e9aliser votre projet d'int\u00e9rieur.<br \/>Nous travaillons aussi bien le style Contemporain & Design que le style Vintage & Classique.<\/p><p>Notre show-room de 120 m2 vous accueille \u00e0 Ch\u00e2teau-Gontier. Nous intervenons dans toute la Mayenne, Maine et Loire, Sarthe.<\/p><p>Atelier Cuisines reste \u00e0 votre \u00e9coute pour toute \u00e9tude de projet de cuisine, salle de bain et dressing.<\/p>"},"_links":{"self":[{"href":"https:\/\/ateliercuisines.fr\/index.php\/wp-json\/wp\/v2\/pages\/29"}],"collection":[{"href":"https:\/\/ateliercuisines.fr\/index.php\/wp-json\/wp\/v2\/pages"}],"about":[{"href":"https:\/\/ateliercuisines.fr\/index.php\/wp-json\/wp\/v2\/types\/page"}],"author":[{"embeddable":true,"href":"https:\/\/ateliercuisines.fr\/index.php\/wp-json\/wp\/v2\/users\/1"}],"replies":[{"embeddable":true,"href":"https:\/\/ateliercuisines.fr\/index.php\/wp-json\/wp\/v2\/comments?post=29"}],"version-history":[{"count":113,"href":"https:\/\/ateliercuisines.fr\/index.php\/wp-json\/wp\/v2\/pages\/29\/revisions"}],"predecessor-version":[{"id":804,"href":"https:\/\/ateliercuisines.fr\/index.php\/wp-json\/wp\/v2\/pages\/29\/revisions\/804"}],"wp:attachment":[{"href":"https:\/\/ateliercuisines.fr\/index.php\/wp-json\/wp\/v2\/media?parent=29"}],"curies":[{"name":"wp","href":"https:\/\/api.w.org\/{rel}","templated":true}]}}