{"id":304,"date":"2019-01-25T10:49:32","date_gmt":"2019-01-25T09:49:32","guid":{"rendered":"http:\/\/ateliercuisines.fr\/?page_id=304"},"modified":"2019-01-25T11:10:32","modified_gmt":"2019-01-25T10:10:32","slug":"mentions-legales","status":"publish","type":"page","link":"https:\/\/ateliercuisines.fr\/index.php\/mentions-legales\/","title":{"rendered":"Mentions l\u00e9gales"},"content":{"rendered":"<p>[et_pb_section bb_built=\u00a0\u00bb1&Prime;][et_pb_row][et_pb_column type=\u00a0\u00bb4_4&Prime;][et_pb_text admin_label=\u00a0\u00bbMentions l\u00e9gales\u00a0\u00bb _builder_version=\u00a0\u00bb3.19.8&Prime;]<\/p>\n<p><strong>\u00c9diteur<\/strong> <br \/>Ce site est \u00e9dit\u00e9e par Atelier Cuisines (SARL), domicili\u00e9 \u00e0 l&rsquo;adresse suivante :<br \/>24 rue Alsace Lorraine<br \/>53200 Ch\u00e2teau-Gontier<br \/>N\u00b0 SIRET : 824 212 757 00010<br \/>Code APE : 4332A<\/p>\n<p>T\u00e9l\u00e9phone : 02 43 07 98 53<br \/>Directeur de publication : J\u00e9r\u00e9mie Dev\u00e8re<\/p>\n<p>Adresse e-mail : contact@ateliercuisines.fr<\/p>\n<p><strong>H\u00e9bergeur<\/strong> <br \/>OVH, SAS au capital de 10 059 500 \u20ac<\/p>\n<p>L&rsquo;ensemble de ce site rel\u00e8ve des l\u00e9gislations fran\u00e7aises et internationales sur le droit d&rsquo;auteur et \u00e0 la propri\u00e9t\u00e9 intellectuelle. Tous les droits de reproduction sont r\u00e9serv\u00e9s, y compris pour les documents iconographiques.<\/p>\n<p>Contact Technique<br \/>Ang\u00e9lique Brochet : <a href=\"mailto:angelique.brochet53@gmail.com\">angelique.brochet53@gmail.com<\/a><\/p>\n<p><strong>Site r\u00e9alis\u00e9 par :<\/strong><br \/>Ang\u00e9lique Brochet, chef de projets<br \/>N\u00b0SIRET : \u00a0813 803 640 00016<br \/>Activit\u00e9 principale : prestation de services et conseil en communication<br \/>Site r\u00e9alis\u00e9 sous WordPress<\/p>\n<p>[\/et_pb_text][\/et_pb_column][\/et_pb_row][\/et_pb_section]<\/p>\n","protected":false},"excerpt":{"rendered":"<p>[et_pb_section bb_built=\u00a0\u00bb1&Prime;][et_pb_row][et_pb_column type=\u00a0\u00bb4_4&Prime;][et_pb_text admin_label=\u00a0\u00bbMentions l\u00e9gales\u00a0\u00bb _builder_version=\u00a0\u00bb3.19.8&Prime;] \u00c9diteur Ce site est \u00e9dit\u00e9e par Atelier Cuisines (SARL), domicili\u00e9 \u00e0 l&rsquo;adresse suivante :24 rue Alsace Lorraine53200 Ch\u00e2teau-GontierN\u00b0 SIRET : 824 212 757 00010Code APE : 4332A T\u00e9l\u00e9phone : 02 43 07 98 53Directeur de publication : J\u00e9r\u00e9mie Dev\u00e8re Adresse e-mail : contact@ateliercuisines.fr H\u00e9bergeur OVH, SAS au capital de [&hellip;]<\/p>\n","protected":false},"author":1,"featured_media":0,"parent":0,"menu_order":0,"comment_status":"closed","ping_status":"closed","template":"","meta":{"_et_pb_use_builder":"on","_et_pb_old_content":""},"_links":{"self":[{"href":"https:\/\/ateliercuisines.fr\/index.php\/wp-json\/wp\/v2\/pages\/304"}],"collection":[{"href":"https:\/\/ateliercuisines.fr\/index.php\/wp-json\/wp\/v2\/pages"}],"about":[{"href":"https:\/\/ateliercuisines.fr\/index.php\/wp-json\/wp\/v2\/types\/page"}],"author":[{"embeddable":true,"href":"https:\/\/ateliercuisines.fr\/index.php\/wp-json\/wp\/v2\/users\/1"}],"replies":[{"embeddable":true,"href":"https:\/\/ateliercuisines.fr\/index.php\/wp-json\/wp\/v2\/comments?post=304"}],"version-history":[{"count":2,"href":"https:\/\/ateliercuisines.fr\/index.php\/wp-json\/wp\/v2\/pages\/304\/revisions"}],"predecessor-version":[{"id":312,"href":"https:\/\/ateliercuisines.fr\/index.php\/wp-json\/wp\/v2\/pages\/304\/revisions\/312"}],"wp:attachment":[{"href":"https:\/\/ateliercuisines.fr\/index.php\/wp-json\/wp\/v2\/media?parent=304"}],"curies":[{"name":"wp","href":"https:\/\/api.w.org\/{rel}","templated":true}]}}