{"id":433,"date":"2019-09-04T19:11:40","date_gmt":"2019-09-04T17:11:40","guid":{"rendered":"http:\/\/ateliercuisines.fr\/?page_id=433"},"modified":"2019-09-06T15:43:08","modified_gmt":"2019-09-06T13:43:08","slug":"qui-sommes-nous","status":"publish","type":"page","link":"https:\/\/ateliercuisines.fr\/index.php\/qui-sommes-nous\/","title":{"rendered":"15 ANS D&rsquo;EXPERIENCE EN TANT QUE CUISINISTE AGENCEUR"},"content":{"rendered":"<p>[et_pb_section fb_built=\u00a0\u00bb1&Prime; _builder_version=\u00a0\u00bb3.19.8&Prime;][et_pb_row _builder_version=\u00a0\u00bb3.19.8&Prime;][et_pb_column type=\u00a0\u00bb1_2&Prime; _builder_version=\u00a0\u00bb3.19.8&Prime; parallax=\u00a0\u00bboff\u00a0\u00bb parallax_method=\u00a0\u00bbon\u00a0\u00bb][et_pb_text _builder_version=\u00a0\u00bb3.19.8&Prime;]<\/p>\n<h3 class=\"title-heading-left\"><span style=\"color: #f7be44;\"><strong>15 ANS D&rsquo;EXPERIENCE EN TANT QUE CUISINISTE AGENCEUR<\/strong><\/span><\/h3>\n<p>[\/et_pb_text][et_pb_text admin_label=\u00a0\u00bbTexte\u00a0\u00bb _builder_version=\u00a0\u00bb3.19.8&Prime;]<\/p>\n<div class=\"fusion-title title fusion-sep-none fusion-title-size-two fusion-border-below-title\">\n<p class=\"title-heading-left\"><span style=\"font-size: 16px;\"><strong>Atelier Cuisines, sp\u00e9cialiste en cuisine, salle de bain et dressing est situ\u00e9 \u00e0 Ch\u00e2teau-Gontier en Mayenne.<\/strong><\/span><\/p>\n<p class=\"title-heading-left\"><span style=\"font-size: 16px;\"><strong><\/strong><\/span><\/p>\n<\/div>\n<p><span>Avec plus de 15 ans d\u2019exp\u00e9rience en agencement et r\u00e9novation de cuisine et salle de bain, Atelier Cuisines poss\u00e8de toutes les comp\u00e9tences pour \u00e9tudier et r\u00e9aliser vos projets d\u2019int\u00e9rieur.\u00a0Nous travaillons aussi bien les styles Contemporain et Moderne que les styles Authentique &amp; Campagne chic. Tous nos produits sont assur\u00e9s \u00ab\u00a0Made in France\u00a0\u00bb voire m\u00eame \u00ab\u00a0Made in Mayenne\u00a0\u00bb.<\/span><\/p>\n<p><span>Notre Show-room de 120 m\u00b2 vous accueille \u00e0 Ch\u00e2teau-Gontier. Nous intervenons sur tout le secteur de la Mayenne mais aussi en Maine et Loire en Sarthe, Ille et Vilaine, Loire Atlantique &#8230;<\/span><\/p>\n<p>[\/et_pb_text][\/et_pb_column][et_pb_column type=\u00a0\u00bb1_2&Prime; _builder_version=\u00a0\u00bb3.19.8&Prime; parallax=\u00a0\u00bboff\u00a0\u00bb parallax_method=\u00a0\u00bbon\u00a0\u00bb][et_pb_image src=\u00a0\u00bbhttp:\/\/ateliercuisines.fr\/wp-content\/uploads\/2019\/09\/devanture-magasin-1-1.jpeg\u00a0\u00bb _builder_version=\u00a0\u00bb3.19.8&Prime; max_width=\u00a0\u00bb92%\u00a0\u00bb custom_margin=\u00a0\u00bb0px||\u00a0\u00bb][\/et_pb_image][et_pb_text _builder_version=\u00a0\u00bb3.19.8&Prime;]<\/p>\n<p><strong><span>Atelier cuisines reste \u00e0 votre \u00e9coute pour toute \u00e9tude de projet de Cuisine, Salle de Bain et Dressing ou autres inspirations \u2026<\/span><\/strong><\/p>\n<p><strong><span><\/span><\/strong><\/p>\n<h4>Atelier Cuisines<\/h4>\n<p>24 Rue Alsace Lorraine, 53200 Ch\u00e2teau-Gontier<\/p>\n<p><a class=\"fl r-iQYblRYysQZY\" href=\"https:\/\/www.google.fr\/search?source=hp&amp;ei=zv5wXbnTJqWJjLsPsKq_iAI&amp;q=atelier+cuisines+chateau+gontier&amp;oq=atelier&amp;gs_l=psy-ab.1.0.35i39l2j0l8.990.2245..4192...0.0..0.81.500.7......0....1..gws-wiz.......0i131.3ADxWABKZeA#\" data-number=\"+33243079853\" data-pstn-out-call-url=\"\" title=\"Appeler avec Hangouts\" jsaction=\"r.oVdbr2mIpA8\" data-rtid=\"iQYblRYysQZY\" jsl=\"$t t-6xg4lalHw8M;$x 0;\" data-ved=\"2ahUKEwj6uMXj1rnkAhVM0uAKHaikDMQQkAgoADATegQIEhAD\">02 43 07 98 53<\/a><\/p>\n<p>[\/et_pb_text][\/et_pb_column][\/et_pb_row][\/et_pb_section]<\/p>\n","protected":false},"excerpt":{"rendered":"<p>[et_pb_section fb_built=\u00a0\u00bb1&Prime; _builder_version=\u00a0\u00bb3.19.8&Prime;][et_pb_row _builder_version=\u00a0\u00bb3.19.8&Prime;][et_pb_column type=\u00a0\u00bb1_2&Prime; _builder_version=\u00a0\u00bb3.19.8&Prime; parallax=\u00a0\u00bboff\u00a0\u00bb parallax_method=\u00a0\u00bbon\u00a0\u00bb][et_pb_text _builder_version=\u00a0\u00bb3.19.8&Prime;] 15 ANS D&rsquo;EXPERIENCE EN TANT QUE CUISINISTE AGENCEUR [\/et_pb_text][et_pb_text admin_label=\u00a0\u00bbTexte\u00a0\u00bb _builder_version=\u00a0\u00bb3.19.8&Prime;] Atelier Cuisines, sp\u00e9cialiste en cuisine, salle de bain et dressing est situ\u00e9 \u00e0 Ch\u00e2teau-Gontier en Mayenne. Avec plus de 15 ans d\u2019exp\u00e9rience en agencement et r\u00e9novation de cuisine et salle de bain, Atelier Cuisines poss\u00e8de [&hellip;]<\/p>\n","protected":false},"author":1,"featured_media":0,"parent":0,"menu_order":0,"comment_status":"closed","ping_status":"closed","template":"","meta":{"_et_pb_use_builder":"on","_et_pb_old_content":""},"_links":{"self":[{"href":"https:\/\/ateliercuisines.fr\/index.php\/wp-json\/wp\/v2\/pages\/433"}],"collection":[{"href":"https:\/\/ateliercuisines.fr\/index.php\/wp-json\/wp\/v2\/pages"}],"about":[{"href":"https:\/\/ateliercuisines.fr\/index.php\/wp-json\/wp\/v2\/types\/page"}],"author":[{"embeddable":true,"href":"https:\/\/ateliercuisines.fr\/index.php\/wp-json\/wp\/v2\/users\/1"}],"replies":[{"embeddable":true,"href":"https:\/\/ateliercuisines.fr\/index.php\/wp-json\/wp\/v2\/comments?post=433"}],"version-history":[{"count":14,"href":"https:\/\/ateliercuisines.fr\/index.php\/wp-json\/wp\/v2\/pages\/433\/revisions"}],"predecessor-version":[{"id":712,"href":"https:\/\/ateliercuisines.fr\/index.php\/wp-json\/wp\/v2\/pages\/433\/revisions\/712"}],"wp:attachment":[{"href":"https:\/\/ateliercuisines.fr\/index.php\/wp-json\/wp\/v2\/media?parent=433"}],"curies":[{"name":"wp","href":"https:\/\/api.w.org\/{rel}","templated":true}]}}