{"id":64,"date":"2019-01-23T12:04:31","date_gmt":"2019-01-23T11:04:31","guid":{"rendered":"http:\/\/ateliercuisines.fr\/?page_id=64"},"modified":"2019-10-17T22:22:28","modified_gmt":"2019-10-17T20:22:28","slug":"atelier-culinaire","status":"publish","type":"page","link":"https:\/\/ateliercuisines.fr\/index.php\/atelier-culinaire\/","title":{"rendered":"ATELIER CULINAIRE"},"content":{"rendered":"<p>[et_pb_section fb_built=\u00a0\u00bb1&Prime; _builder_version=\u00a0\u00bb3.19.8&Prime;][et_pb_row _builder_version=\u00a0\u00bb3.19.8&Prime;][et_pb_column type=\u00a0\u00bb4_4&Prime; _builder_version=\u00a0\u00bb3.19.8&Prime; parallax=\u00a0\u00bboff\u00a0\u00bb parallax_method=\u00a0\u00bbon\u00a0\u00bb][et_pb_text _builder_version=\u00a0\u00bb3.19.8&Prime;]<\/p>\n<p><span style=\"font-size: x-large;\"><strong>Mercredi 30 Octobre : Cours de Cuisine Parents \/ Enfants<\/strong><\/span><\/p>\n<p>[\/et_pb_text][et_pb_image src=\u00a0\u00bbhttp:\/\/ateliercuisines.fr\/wp-content\/uploads\/2019\/10\/infographie-cours-de-cuisine-01-1.jpg\u00a0\u00bb _builder_version=\u00a0\u00bb3.19.8&Prime;][\/et_pb_image][et_pb_text _builder_version=\u00a0\u00bb3.19.8&Prime;]<\/p>\n<p>Informations et r\u00e9servation aupr\u00e8s de Val\u00e9rie \u00a0:\u00a006.82.43.70.60<\/p>\n<p>24 rue Alsace Lorraine \/\u00a053200 Ch\u00e2teau-Gontier sur Mayenne<\/p>\n<p>[\/et_pb_text][\/et_pb_column][\/et_pb_row][et_pb_row _builder_version=\u00a0\u00bb3.19.8&Prime;][et_pb_column type=\u00a0\u00bb1_2&Prime; _builder_version=\u00a0\u00bb3.19.8&Prime; parallax=\u00a0\u00bboff\u00a0\u00bb parallax_method=\u00a0\u00bbon\u00a0\u00bb][et_pb_text _builder_version=\u00a0\u00bb3.19.8&Prime;]<\/p>\n<p><strong><span style=\"text-decoration: underline;\">Au menu :<\/span><\/strong><\/p>\n<p><strong>&#8211; Croustillants de poulet et ses l\u00e9gumes<\/strong><\/p>\n<p><strong>&#8211; Les affreux en pain d\u2019\u00e9pices\u00a0(techniques gla\u00e7age et cornet en papier).<\/strong><\/p>\n<p><strong><em>Nous d\u00e9gusterons ensemble vos r\u00e9alisations \u00e0 la fin du cours et je compl\u00e9terai le repas avec une entr\u00e9e.<\/em><\/strong><\/p>\n<p>&nbsp;<\/p>\n<p><strong><\/strong><\/p>\n<p>[\/et_pb_text][\/et_pb_column][et_pb_column type=\u00a0\u00bb1_2&Prime; _builder_version=\u00a0\u00bb3.19.8&Prime; parallax=\u00a0\u00bboff\u00a0\u00bb parallax_method=\u00a0\u00bbon\u00a0\u00bb][et_pb_text _builder_version=\u00a0\u00bb3.19.8&Prime;]<\/p>\n<p><span style=\"text-decoration: underline;\"><strong>Tarifs :<\/strong><\/span><\/p>\n<p><strong>&#8211; 30\u20ac pour 1 adulte accompagn\u00e9 d\u20191 enfant de 7 \u00e0 15 ans,<\/strong><\/p>\n<p><strong>&#8211; 10\u20ac par enfant suppl\u00e9mentaire<\/strong><\/p>\n<p>&nbsp;<\/p>\n<p><strong>Attention : Le nombre de places est limit\u00e9 \u00e0 6 ou 8 par atelier.<\/strong><\/p>\n<p>[\/et_pb_text][\/et_pb_column][\/et_pb_row][\/et_pb_section]<\/p>\n","protected":false},"excerpt":{"rendered":"<p>[et_pb_section fb_built=\u00a0\u00bb1&Prime; _builder_version=\u00a0\u00bb3.19.8&Prime;][et_pb_row _builder_version=\u00a0\u00bb3.19.8&Prime;][et_pb_column type=\u00a0\u00bb4_4&Prime; _builder_version=\u00a0\u00bb3.19.8&Prime; parallax=\u00a0\u00bboff\u00a0\u00bb parallax_method=\u00a0\u00bbon\u00a0\u00bb][et_pb_text _builder_version=\u00a0\u00bb3.19.8&Prime;] Mercredi 30 Octobre : Cours de Cuisine Parents \/ Enfants [\/et_pb_text][et_pb_image src=\u00a0\u00bbhttp:\/\/ateliercuisines.fr\/wp-content\/uploads\/2019\/10\/infographie-cours-de-cuisine-01-1.jpg\u00a0\u00bb _builder_version=\u00a0\u00bb3.19.8&Prime;][\/et_pb_image][et_pb_text _builder_version=\u00a0\u00bb3.19.8&Prime;] Informations et r\u00e9servation aupr\u00e8s de Val\u00e9rie \u00a0:\u00a006.82.43.70.60 24 rue Alsace Lorraine \/\u00a053200 Ch\u00e2teau-Gontier sur Mayenne [\/et_pb_text][\/et_pb_column][\/et_pb_row][et_pb_row _builder_version=\u00a0\u00bb3.19.8&Prime;][et_pb_column type=\u00a0\u00bb1_2&Prime; _builder_version=\u00a0\u00bb3.19.8&Prime; parallax=\u00a0\u00bboff\u00a0\u00bb parallax_method=\u00a0\u00bbon\u00a0\u00bb][et_pb_text _builder_version=\u00a0\u00bb3.19.8&Prime;] Au menu : &#8211; Croustillants de poulet et ses l\u00e9gumes [&hellip;]<\/p>\n","protected":false},"author":1,"featured_media":0,"parent":0,"menu_order":0,"comment_status":"closed","ping_status":"closed","template":"","meta":{"_et_pb_use_builder":"on","_et_pb_old_content":""},"_links":{"self":[{"href":"https:\/\/ateliercuisines.fr\/index.php\/wp-json\/wp\/v2\/pages\/64"}],"collection":[{"href":"https:\/\/ateliercuisines.fr\/index.php\/wp-json\/wp\/v2\/pages"}],"about":[{"href":"https:\/\/ateliercuisines.fr\/index.php\/wp-json\/wp\/v2\/types\/page"}],"author":[{"embeddable":true,"href":"https:\/\/ateliercuisines.fr\/index.php\/wp-json\/wp\/v2\/users\/1"}],"replies":[{"embeddable":true,"href":"https:\/\/ateliercuisines.fr\/index.php\/wp-json\/wp\/v2\/comments?post=64"}],"version-history":[{"count":6,"href":"https:\/\/ateliercuisines.fr\/index.php\/wp-json\/wp\/v2\/pages\/64\/revisions"}],"predecessor-version":[{"id":735,"href":"https:\/\/ateliercuisines.fr\/index.php\/wp-json\/wp\/v2\/pages\/64\/revisions\/735"}],"wp:attachment":[{"href":"https:\/\/ateliercuisines.fr\/index.php\/wp-json\/wp\/v2\/media?parent=64"}],"curies":[{"name":"wp","href":"https:\/\/api.w.org\/{rel}","templated":true}]}}