{"id":69,"date":"2019-01-23T12:04:55","date_gmt":"2019-01-23T11:04:55","guid":{"rendered":"http:\/\/ateliercuisines.fr\/?page_id=69"},"modified":"2019-09-06T15:09:21","modified_gmt":"2019-09-06T13:09:21","slug":"salles-de-bain","status":"publish","type":"page","link":"https:\/\/ateliercuisines.fr\/index.php\/salles-de-bain\/","title":{"rendered":"SALLE DE BAIN"},"content":{"rendered":"<p>[et_pb_section fb_built=\u00a0\u00bb1&Prime; _builder_version=\u00a0\u00bb3.0.47&Prime;][et_pb_row _builder_version=\u00a0\u00bb3.0.48&Prime; background_size=\u00a0\u00bbinitial\u00a0\u00bb background_position=\u00a0\u00bbtop_left\u00a0\u00bb background_repeat=\u00a0\u00bbrepeat\u00a0\u00bb][et_pb_column type=\u00a0\u00bb1_2&Prime; _builder_version=\u00a0\u00bb3.0.47&Prime; parallax=\u00a0\u00bboff\u00a0\u00bb parallax_method=\u00a0\u00bbon\u00a0\u00bb][et_pb_text _builder_version=\u00a0\u00bb3.19.8&Prime;]<\/p>\n<h3><span style=\"color: #f7be44;\">SALLE DE BAIN<\/span><\/h3>\n<p>[\/et_pb_text][et_pb_text _builder_version=\u00a0\u00bb3.19.8&Prime;]<\/p>\n<p><strong>Vous avez un projet pour cr\u00e9er ou r\u00e9nover votre salle de bain ?<\/strong><\/p>\n<p>Confiez l&rsquo;agencement de votre projet \u00e0 Atelier cuisines. Nous cr\u00e9ons et r\u00e9alisons des salles de bain sur mesure.<\/p>\n<p>Quel que soit l&rsquo;espace d\u00e9termin\u00e9, quels que soient vos go\u00fbts, vos envies, vos besoins nous nous adaptons \u00e0 vos attentes pour que vous puissiez profiter pleinement d&rsquo;instants de d\u00e9tente privil\u00e9gi\u00e9s.<\/p>\n<p>&nbsp;<\/p>\n<p>[\/et_pb_text][\/et_pb_column][et_pb_column type=\u00a0\u00bb1_2&Prime; _builder_version=\u00a0\u00bb3.0.47&Prime; parallax=\u00a0\u00bboff\u00a0\u00bb parallax_method=\u00a0\u00bbon\u00a0\u00bb][et_pb_image _builder_version=\u00a0\u00bb3.19.8&Prime;][\/et_pb_image][et_pb_code _builder_version=\u00a0\u00bb3.19.8&Prime;]\t\t<link href=\"https:\/\/ateliercuisines.fr\/wp-content\/plugins\/slideshow-ck\/themes\/default\/css\/camera.css\" rel=\"stylesheet\" type=\"text\/css\" \/>\n\t\t<style type=\"text\/css\">\n\t\t\t#camera_wrap_698 .camera_pag_ul li img, #camera_wrap_698 .camera_thumbs_cont ul li img {\n\t\t\t\theight:100px;\n\t\t\t\twidth: auto;\n\t\t\t}\n\t\t\t#camera_wrap_698 .camera_caption {\n\t\t\t\tdisplay: block;\n\t\t\t\tposition: absolute;\n\t\t\t}\n\t\t\t#camera_wrap_698 .camera_caption a.camera_caption_link {\n\t\t\t\tdisplay: block;\n\t\t\t\tposition: absolute;\n\t\t\t\tleft: 0;\n\t\t\t\tright: 0;\n\t\t\t\ttop: 0;\n\t\t\t\tbottom: 0;\n\t\t\t}\n\t\t\t#camera_wrap_698 .camera_caption > div {\n\t\t\t\tbackground: #F7BE44;\t\t\t}\n\t\t\t#camera_wrap_698 .camera_caption div.camera_caption_title {\n\t\t\t\tfont-size: 18px;line-height: 18px;font-weight: normal;\t\t\t}\n\t\t\t#camera_wrap_698 .camera_caption div.camera_caption_desc {\n\t\t\t\tfont-size: 12px;line-height: 12px;font-weight: normal;\t\t\t}\n\t\t<\/style>\n\t\t\t\t<div class=\"slideshowck camera_wrap camera_amber_skin\" id=\"camera_wrap_698\">\n\t\t\t\t\t\t\t<div  data-thumb=\"https:\/\/ateliercuisines.fr\/wp-content\/uploads\/2019\/09\/salle-de-bain3-Atelier-Cuisines.jpg\" data-src=\"https:\/\/ateliercuisines.fr\/wp-content\/uploads\/2019\/09\/salle-de-bain3-Atelier-Cuisines.jpg\" data-link=\"https:\/\/ateliercuisines.fr\/wp-content\/uploads\/2019\/09\/salle-de-bain3-Atelier-Cuisines.jpg\" data-target=\"_parent\">\n\t\t\t\t\t\t\t\t\t\t\t\t<div class=\"camera_caption moveFromLeft\">\n\t\t\t\t\t\t\t\t\t\t\t\t\t\t<div class=\"camera_caption_title\">\n\t\t\t\t\t\t\t\tSalle de Bain moderne\t\t\t\t\t\t\t<\/div>\n\t\t\t\t\t\t\t\t\t\t\t\t\t\t\t\t\t\t\t\t\t<div class=\"camera_caption_desc\">\n\t\t\t\t\t\t\t\tAtelier Cuisines\t\t\t\t\t\t\t<\/div>\n\t\t\t\t\t\t\t\t\t\t\t\t\t\t\t\t\t\t\t\t\t\t\t\t\t\t\t<\/div>\n\t\t\t\t\t\t\t\t\t\t<\/div>\n\t\t\t\t\t\t\t<div  data-thumb=\"https:\/\/ateliercuisines.fr\/wp-content\/uploads\/2019\/01\/Salle-de-bain-moderne.jpg\" data-src=\"https:\/\/ateliercuisines.fr\/wp-content\/uploads\/2019\/01\/Salle-de-bain-moderne.jpg\" data-link=\"https:\/\/ateliercuisines.fr\/wp-content\/uploads\/2019\/01\/Salle-de-bain-moderne.jpg\" data-target=\"_parent\">\n\t\t\t\t\t\t\t\t\t\t\t\t<div class=\"camera_caption moveFromLeft\">\n\t\t\t\t\t\t\t\t\t\t\t\t\t\t<div class=\"camera_caption_title\">\n\t\t\t\t\t\t\t\tSalle de Bain moderne\t\t\t\t\t\t\t<\/div>\n\t\t\t\t\t\t\t\t\t\t\t\t\t\t\t\t\t\t\t\t\t<div class=\"camera_caption_desc\">\n\t\t\t\t\t\t\t\tAtelier Cuisines\t\t\t\t\t\t\t<\/div>\n\t\t\t\t\t\t\t\t\t\t\t\t\t\t\t\t\t\t\t\t\t\t\t\t\t\t\t<\/div>\n\t\t\t\t\t\t\t\t\t\t<\/div>\n\t\t\t\t\t\t\t<div  data-thumb=\"https:\/\/ateliercuisines.fr\/wp-content\/uploads\/2019\/01\/Salle-de-bain-style-ancien.jpg\" data-src=\"https:\/\/ateliercuisines.fr\/wp-content\/uploads\/2019\/01\/Salle-de-bain-style-ancien.jpg\" data-link=\"https:\/\/ateliercuisines.fr\/wp-content\/uploads\/2019\/01\/Salle-de-bain-style-ancien.jpg\" data-target=\"_parent\">\n\t\t\t\t\t\t\t\t\t\t\t\t<div class=\"camera_caption moveFromLeft\">\n\t\t\t\t\t\t\t\t\t\t\t\t\t\t<div class=\"camera_caption_title\">\n\t\t\t\t\t\t\t\tSalle de Bain style classique\t\t\t\t\t\t\t<\/div>\n\t\t\t\t\t\t\t\t\t\t\t\t\t\t\t\t\t\t\t\t\t<div class=\"camera_caption_desc\">\n\t\t\t\t\t\t\t\tAtelier Cuisines\t\t\t\t\t\t\t<\/div>\n\t\t\t\t\t\t\t\t\t\t\t\t\t\t\t\t\t\t\t\t\t\t\t\t\t\t\t<\/div>\n\t\t\t\t\t\t\t\t\t\t<\/div>\n\t\t\t\t\t<\/div>\n\t\t<div style=\"clear:both;\"><\/div>\n\t\t[\/et_pb_code][\/et_pb_column][\/et_pb_row][\/et_pb_section]<\/p>\n","protected":false},"excerpt":{"rendered":"<p>[et_pb_section fb_built=\u00a0\u00bb1&Prime; _builder_version=\u00a0\u00bb3.0.47&Prime;][et_pb_row _builder_version=\u00a0\u00bb3.0.48&Prime; background_size=\u00a0\u00bbinitial\u00a0\u00bb background_position=\u00a0\u00bbtop_left\u00a0\u00bb background_repeat=\u00a0\u00bbrepeat\u00a0\u00bb][et_pb_column type=\u00a0\u00bb1_2&Prime; _builder_version=\u00a0\u00bb3.0.47&Prime; parallax=\u00a0\u00bboff\u00a0\u00bb parallax_method=\u00a0\u00bbon\u00a0\u00bb][et_pb_text _builder_version=\u00a0\u00bb3.19.8&Prime;] SALLE DE BAIN [\/et_pb_text][et_pb_text _builder_version=\u00a0\u00bb3.19.8&Prime;] Vous avez un projet pour cr\u00e9er ou r\u00e9nover votre salle de bain ? Confiez l&rsquo;agencement de votre projet \u00e0 Atelier cuisines. Nous cr\u00e9ons et r\u00e9alisons des salles de bain sur mesure. Quel que soit l&rsquo;espace d\u00e9termin\u00e9, quels que [&hellip;]<\/p>\n","protected":false},"author":1,"featured_media":0,"parent":0,"menu_order":0,"comment_status":"closed","ping_status":"closed","template":"","meta":{"_et_pb_use_builder":"on","_et_pb_old_content":""},"_links":{"self":[{"href":"https:\/\/ateliercuisines.fr\/index.php\/wp-json\/wp\/v2\/pages\/69"}],"collection":[{"href":"https:\/\/ateliercuisines.fr\/index.php\/wp-json\/wp\/v2\/pages"}],"about":[{"href":"https:\/\/ateliercuisines.fr\/index.php\/wp-json\/wp\/v2\/types\/page"}],"author":[{"embeddable":true,"href":"https:\/\/ateliercuisines.fr\/index.php\/wp-json\/wp\/v2\/users\/1"}],"replies":[{"embeddable":true,"href":"https:\/\/ateliercuisines.fr\/index.php\/wp-json\/wp\/v2\/comments?post=69"}],"version-history":[{"count":10,"href":"https:\/\/ateliercuisines.fr\/index.php\/wp-json\/wp\/v2\/pages\/69\/revisions"}],"predecessor-version":[{"id":700,"href":"https:\/\/ateliercuisines.fr\/index.php\/wp-json\/wp\/v2\/pages\/69\/revisions\/700"}],"wp:attachment":[{"href":"https:\/\/ateliercuisines.fr\/index.php\/wp-json\/wp\/v2\/media?parent=69"}],"curies":[{"name":"wp","href":"https:\/\/api.w.org\/{rel}","templated":true}]}}