{"id":71,"date":"2019-01-23T12:04:42","date_gmt":"2019-01-23T11:04:42","guid":{"rendered":"http:\/\/ateliercuisines.fr\/?page_id=71"},"modified":"2019-09-06T15:56:58","modified_gmt":"2019-09-06T13:56:58","slug":"dressings","status":"publish","type":"page","link":"https:\/\/ateliercuisines.fr\/index.php\/dressings\/","title":{"rendered":"DRESSING &#038; RANGEMENT"},"content":{"rendered":"<p>[et_pb_section fb_built=\u00a0\u00bb1&Prime; _builder_version=\u00a0\u00bb3.19.8&Prime;][et_pb_row _builder_version=\u00a0\u00bb3.19.8&Prime;][et_pb_column type=\u00a0\u00bb1_2&Prime; _builder_version=\u00a0\u00bb3.19.8&Prime; parallax=\u00a0\u00bboff\u00a0\u00bb parallax_method=\u00a0\u00bbon\u00a0\u00bb][et_pb_text _builder_version=\u00a0\u00bb3.19.8&Prime;]<\/p>\n<h3><span style=\"color: #f7be44;\">DRESSING &amp; RANGEMENT<\/span><\/h3>\n<p>[\/et_pb_text][et_pb_text _builder_version=\u00a0\u00bb3.19.8&Prime;]<\/p>\n<p><strong>Optimisez vos rangements, tel est notre objectif<\/strong>.<\/p>\n<p>C&rsquo;est pourquoi, nous vous proposons des produits sur mesure associant \u00e0 la fois le geste, la fonction et l&rsquo;ergonomie tout en respectant le style que vous souhaitez donner \u00e0 votre int\u00e9rieur.\u00a0<\/p>\n<p>Atelier Cuisines fabrique dans ses ateliers des produits permettant de r\u00e9pondre pr\u00e9cis\u00e9ment \u00e0 vos attentes ( rangement sous escalier, biblioth\u00e8que, cache compteur, &#8230;)<\/p>\n<p>&nbsp;<\/p>\n<p>&nbsp;<\/p>\n<p>[\/et_pb_text][\/et_pb_column][et_pb_column type=\u00a0\u00bb1_2&Prime; _builder_version=\u00a0\u00bb3.19.8&Prime; parallax=\u00a0\u00bboff\u00a0\u00bb parallax_method=\u00a0\u00bbon\u00a0\u00bb][et_pb_image src=\u00a0\u00bbhttp:\/\/ateliercuisines.fr\/wp-content\/uploads\/2019\/09\/biblioth\u00e8que-et-meuble-de-rangement-Atelier-Cuisines.jpg\u00a0\u00bb _builder_version=\u00a0\u00bb3.19.8&Prime;][\/et_pb_image][et_pb_code _builder_version=\u00a0\u00bb3.19.8&Prime;][\/et_pb_code][\/et_pb_column][\/et_pb_row][\/et_pb_section]<\/p>\n","protected":false},"excerpt":{"rendered":"<p>[et_pb_section fb_built=\u00a0\u00bb1&Prime; _builder_version=\u00a0\u00bb3.19.8&Prime;][et_pb_row _builder_version=\u00a0\u00bb3.19.8&Prime;][et_pb_column type=\u00a0\u00bb1_2&Prime; _builder_version=\u00a0\u00bb3.19.8&Prime; parallax=\u00a0\u00bboff\u00a0\u00bb parallax_method=\u00a0\u00bbon\u00a0\u00bb][et_pb_text _builder_version=\u00a0\u00bb3.19.8&Prime;] DRESSING &amp; RANGEMENT [\/et_pb_text][et_pb_text _builder_version=\u00a0\u00bb3.19.8&Prime;] Optimisez vos rangements, tel est notre objectif. C&rsquo;est pourquoi, nous vous proposons des produits sur mesure associant \u00e0 la fois le geste, la fonction et l&rsquo;ergonomie tout en respectant le style que vous souhaitez donner \u00e0 votre int\u00e9rieur.\u00a0 Atelier Cuisines fabrique [&hellip;]<\/p>\n","protected":false},"author":1,"featured_media":0,"parent":0,"menu_order":0,"comment_status":"closed","ping_status":"closed","template":"","meta":{"_et_pb_use_builder":"on","_et_pb_old_content":""},"_links":{"self":[{"href":"https:\/\/ateliercuisines.fr\/index.php\/wp-json\/wp\/v2\/pages\/71"}],"collection":[{"href":"https:\/\/ateliercuisines.fr\/index.php\/wp-json\/wp\/v2\/pages"}],"about":[{"href":"https:\/\/ateliercuisines.fr\/index.php\/wp-json\/wp\/v2\/types\/page"}],"author":[{"embeddable":true,"href":"https:\/\/ateliercuisines.fr\/index.php\/wp-json\/wp\/v2\/users\/1"}],"replies":[{"embeddable":true,"href":"https:\/\/ateliercuisines.fr\/index.php\/wp-json\/wp\/v2\/comments?post=71"}],"version-history":[{"count":7,"href":"https:\/\/ateliercuisines.fr\/index.php\/wp-json\/wp\/v2\/pages\/71\/revisions"}],"predecessor-version":[{"id":714,"href":"https:\/\/ateliercuisines.fr\/index.php\/wp-json\/wp\/v2\/pages\/71\/revisions\/714"}],"wp:attachment":[{"href":"https:\/\/ateliercuisines.fr\/index.php\/wp-json\/wp\/v2\/media?parent=71"}],"curies":[{"name":"wp","href":"https:\/\/api.w.org\/{rel}","templated":true}]}}